{"id":2,"date":"2012-02-07T08:55:12","date_gmt":"2012-02-07T08:55:12","guid":{"rendered":"http:\/\/localhost:8888\/vanhass\/?page_id=2"},"modified":"2026-04-24T07:08:27","modified_gmt":"2026-04-24T07:08:27","slug":"sample-page","status":"publish","type":"page","link":"https:\/\/www.deoorlogvanmijnvader.nl\/","title":{"rendered":"Home"},"content":{"rendered":"<p>&nbsp;<\/p>\n<h1><img loading=\"lazy\" decoding=\"async\" class=\"alignleft\" src=\"http:\/\/www.deoorlogvanmijnvader.nl\/wp-content\/gallery\/afbeeldingen\/oorlog-van-mijn-vader.jpg?i=1537134607\" alt=\"\" width=\"262\" height=\"372\"><\/h1>\n<h2>DE OORLOG VAN MIJN VADER<\/h2>\n<p>Deze website ondersteunt primair het boek &#8216;De oorlog van mijn vader&#8217; (2012) het eerste boek van Ron van Hasselt over (zijn familie in) de Tweede Wereldoorlog. Door achtergrondinformatie en het aangeven van nieuwe ontwikkelingen (Actualiteiten) kunt u snel een indruk krijgen van het boek. Inmiddels heeft hij negen boeken gepubliceerd.<\/p>\n<p>&nbsp;<\/p>\n<p>&nbsp;<\/p>\n<h2>ANGST, MOED EN KEUZES MAKEN <img decoding=\"async\" class=\"alignright\" src=\"https:\/\/www.deoorlogvanmijnvader.nl\/index.php\/nextgen-image\/76\/450x350\/579beb646b68be748d29fa31f7025a5e\"><\/h2>\n<p>&nbsp;<\/p>\n<p>&nbsp;<\/p>\n<p><strong>Het negende boek &#8216;Angst, moed en keuzes maken&#8217; verschijnt op 1 mei 2026. Geschiedenissen over onrecht, discriminatie en rassenwaan, over Grebbelinie en Ravensbr\u00fcck, over armoede en rijkdom, over Isaac Isra\u00ebls en Louis-Ferdinand C\u00e9line, over Betje en Pieter en over nog veel meer mensen in oorlog en conflict. Het boek is te verkrijgen bij de goede boekhandel of bij uitgeverij Profiel: <a href=\"http:\/\/www.profiel.nl\">www.profiel.nl<\/a><\/strong><\/p>\n<p>&nbsp;<\/p>\n<h2>ZIJDELINGSCHE BERICHTEN<\/h2>\n<h4><img loading=\"lazy\" decoding=\"async\" class=\"alignleft\" src=\"https:\/\/www.deoorlogvanmijnvader.nl\/wp-content\/gallery\/afbeeldingen-1\/cover-Zijdelingsche-Berichten.jpg?i=306565623\" alt=\"cover-Zijdelingsche-Berichten.jpg\" width=\"246\" height=\"352\">In 2024 verscheen Zijdelingsche Berichten over de dominee, de koning van Helpman en de treinen uit Bergen-Belsen. Het boek beidt een blik in de schijnbaar onaantastbare wereld van grootindustrieel en projectontwikkelaar Joseph Elias van Hasselt. In een intrigerend web van verraders, onderduikers, verzetsmensen, politieagenten en gedeporteerden brengen offici\u00eble documenten, brieven, foto&#8217;s en getuigenverklaringen de bittere herinneringen tot leven. Een aangrijpend portret van moed, verraad en menselijke veerkracht.<\/h4>\n<p>&nbsp;<\/p>\n<p>&nbsp;<\/p>\n<p><img loading=\"lazy\" decoding=\"async\" id=\"TB_Image\" class=\"alignright\" src=\"https:\/\/www.deoorlogvanmijnvader.nl\/wp-content\/gallery\/afbeeldingen\/omsl-afscheid-in-malchow.jpg?i=240622872\" alt=\"omsl-afscheid-in-malchow.jpg\" width=\"242\" height=\"347\"><\/p>\n<p>&nbsp;<\/p>\n<p>&nbsp;<\/p>\n<h2>AFSCHEID IN MALCHOW<\/h2>\n<p>Eind april 2014 is &#8220;Afscheid in Malchow&#8221; verschenen. Daarin wordt onder andere het verhaal van Selma van Hasselt verteld. Zij wachtte haar lot niet af, ging onderduiken en raakte betrokken bij het verzet. Klik bovenstaand link Afscheid in Malchow aan voor meer informatie.<\/p>\n<p>&nbsp;<\/p>\n<h2><img loading=\"lazy\" decoding=\"async\" id=\"TB_Image\" class=\"alignleft\" src=\"https:\/\/www.deoorlogvanmijnvader.nl\/wp-content\/gallery\/afbeeldingen\/Bekentenissen-omslag.jpg?i=42972525\" alt=\"Bekentenissen-omslag.jpg\" width=\"247\" height=\"375\">BEKENTENISSEN VAN EEN STILLE MAN<\/h2>\n<p>En in april 2016 is &#8216;Bekentenissen van een stille man&#8217; verschenen. Dit boek is voor de helft een nauwgezet verslag van gebeurtenissen in bezet Nederland. Het beschrijft het lot van Henri en Henri\u00ebtte van Hasselt, hun onderduik en hun verraad. Daarnaast bevat het boek discussies die ontstonden naar aanleiding van hun trieste geschiedenis.<\/p>\n<p>&nbsp;<\/p>\n<p>&nbsp;<\/p>\n<p>&nbsp;<\/p>\n<h2>VERDACHT VAN WOONPLAATS TE ZIJN VERANDERD<\/h2>\n<p style=\"text-align: left;\">Het lijkt een ijzeren regelmaat. In april 2018 is verschenen &#8216;Verdacht van woonplaats te zijn veranderd&#8217;. Het is een non-fictie boek met verschillende verhalen over onderduiken, vluchten en vluchtelingen. Het boek is vooral gebaseerd op het onderduikdagboek van <em><img loading=\"lazy\" decoding=\"async\" id=\"TB_Image\" class=\"alignright\" src=\"https:\/\/www.deoorlogvanmijnvader.nl\/wp-content\/gallery\/afbeeldingen\/001-omslag.jpg?i=2015237680\" alt=\"001-omslag.jpg\" width=\"235\" height=\"366\"><br><\/em>dokter Marius van Rhijn. Naar aanleiding daarvan worden tal van andere bijna vergeten verhalen verteld. Tubantia van 19 april 2018 geeft een aantal rake typeringen. &#8220;<em>Toch is Verdacht van woonplaats te zijn veranderd allesbehalve een simpel feelgoodverhaal. Van Hasselt, die eerder indrukwekkende boeken over zijn Enschedese ouders en andere Joodse familieleden schreef, steekt steeds weer de grens tussen hoop en wanhoop over.&#8221; <\/em>En<em>: &#8220;Hij verweeft de \u2018bijna idyllische\u2019onderduik van de Van Rhijns met andere persoonlijke (onderduik)verhalen in hun omgeving. Verhalen die meer dan eens w\u00e9l voor Vuurpelotons, in gevangenissen, kampen of gaskamers eindigen. &#8221; <\/em><\/p>\n<p style=\"text-align: left;\">&nbsp;<\/p>\n<h2 style=\"text-align: left;\"><img loading=\"lazy\" decoding=\"async\" id=\"TB_Image\" class=\"alignleft\" src=\"https:\/\/www.deoorlogvanmijnvader.nl\/wp-content\/gallery\/afbeeldingen\/Om-en-nabij-Auschwitz-cover.jpg?i=488575566\" alt=\"Om-en-nabij-Auschwitz-cover.jpg\" width=\"251\" height=\"385\">OM EN NABIJ AUSCHWITZ<\/h2>\n<p style=\"text-align: left;\">In januari 2020 verscheen bij uitgeverij Aspekt <em>Om en nabij Auschwitz (en het lot van twee dochters)<\/em>. Het boek is geschreven uit verbazing. Verbazing over de plaatsbepaling op meer dan tienduizend overlijdensaktes van gedeporteerde Joden. Auschwitz is kennelijk een tamelijk onnauwkeurige omschrijving.&nbsp; In het boek wordt onder andere de bevrijding van de kampen bij Auschwitz beschreven op basis van ooggetuigenverklaringen. Weliswaar zijn de kampen bij Auschwitz bevrijd, maar daarmee is de bevrijding van Auschwitz nog altijd niet voltooid.<\/p>\n<p>&nbsp;<\/p>\n<h5>&nbsp;<\/h5>\n<h5>&nbsp;<\/h5>\n<h2 style=\"text-align: left;\">NAAR POLEN<img loading=\"lazy\" decoding=\"async\" class=\"alignright\" src=\"https:\/\/www.deoorlogvanmijnvader.nl\/wp-content\/gallery\/afbeeldingen\/Naar-Polen_CVR.jpg?i=984462256\" alt=\"Naar-Polen_CVR.jpg\" width=\"242\" height=\"370\"><\/h2>\n<p style=\"text-align: left;\">In mei 2021 verscheen <em>Naar Polen<\/em>. Polen speelt een onuitwisbare rol in de Tweede Wereldoorlog. Het was een bestemming voor de treinen uit Westerbork. Het was het land met het grootste aantal Joden in Europa. Mede daarom bouwden de nazi\u2019s juist d\u00e1\u00e1r hun vernietigingskampen. Polen mag zich beroemen op het grootste verzetsleger van de bezette landen. Polen kent \u2013 zoals alle bezette landen \u2013 helden, schurken, helpers en moordenaars.<br>Als kind wist Ron van Hasselt ongeveer wat er bedoeld werd met \u2018naar Polen\u2019 of \u2018niet teruggekeerd\u2019. Hij is zijn ouders dankbaar dat ze hem in zijn jeugd onwetend lieten van de vernietigende barbarij die zo kort daarvoor heerste in Europa. Hij wist niets van de familiedrama\u2019s van zijn speelkameraadjes. Nu verkent hij hoe de Tweede Wereldoorlog sporen heeft nagelaten in zijn omgeving en in zijn familie.&nbsp;<br>Er zijn overlevenden, er zijn getuigenverklaringen, er zijn onbekende dorpjes, onbekende kampen en bewust weggestopte herinneringen. In een aantal los van elkaar staande Kleine Verhalen \u2013 die soms onverwacht samenkomen \u2013 worden de persoonlijke ervaringen verweven met de Grote Geschiedenis<\/p>\n<p style=\"text-align: left;\">&nbsp;<\/p>\n<h2 style=\"text-align: left;\"><img loading=\"lazy\" decoding=\"async\" class=\"alignleft\" src=\"https:\/\/www.deoorlogvanmijnvader.nl\/wp-content\/gallery\/afbeeldingen-1\/1_Uitgesloten.jpg\" alt=\"View &quot;1_Uitgesloten&quot;\" width=\"236\" height=\"363\">UITGESLOTEN<\/h2>\n<p>&nbsp;<\/p>\n<p><b>I<\/b>n mei 2022 verscheen <strong>UITGESLOTEN<\/strong> een boek over de Groninger Joodse gemeenschap in en direct na de Tweede Wereldoorlog. het boek moet onder andere een antwoord geven op de vraag hoe de gemeente Groningen omging met &#8216;Joods bezit&#8217;. Die vraag komt zeker aan de orde, maar de schrijver is meer ge\u00efnteresseerd in &#8216;mensen&#8217; dan in &#8216;stenen&#8217;. Dus ook in dit boek vooral de persoonlijke verhalen: wat gebeurde er met de mensen?<\/p>\n<p>&nbsp;<\/p>\n<h1 style=\"text-align: left;\">Start<\/h1>\n<p><img loading=\"lazy\" decoding=\"async\" id=\"shTopImg\" class=\"alignright\" title=\"Click to Close\" src=\"http:\/\/www.deoorlogvanmijnvader.nl\/wp-content\/gallery\/afbeeldingen\/88-archiefdoos.jpg?i=971417723\" alt=\"\" width=\"384\" height=\"327\">Het begon allemaal met dozen vol brieven, foto&#8217;s en&nbsp;documenten. De zoektocht werd uitgebreid met&nbsp;interviews&nbsp;en archiefonderzoek. Het eindigde met een volledige reconstructie van de wederwaardigheden van Ben van Hasselt in de oorlogsjaren 1940- 1945. Daarover schreef zoon Ron van Hasselt het boek &#8216;De oorlog van mijn vader&#8217;. Het vertelt het verhaal van Ben van Hasselt die dacht dat hij aan de Duitse troepen kon ontsnappen, die zijn pacifistische idee\u00ebn overboord zette en daadwerkelijk ging meehelpen in de oorlogsinspanningen van de geallieerden. Vreugde over een gewonnen oorlog heeft hij nooit gekend, omdat die overschaduwd werd door de gruwelijke waarheid over wat er met zijn familie was gebeurd.<\/p>\n<p>&nbsp;<\/p>\n<h1>Televisieaandacht<img loading=\"lazy\" decoding=\"async\" id=\"shTopImg\" class=\"alignleft\" title=\"Click to Close\" src=\"http:\/\/www.deoorlogvanmijnvader.nl\/wp-content\/gallery\/afbeeldingen\/still-rtv-noord.jpg?i=1414978267\" alt=\"\" width=\"366\" height=\"202\"><\/h1>\n<p>Televisie- \u00e9n radioaandacht, gedrukte media: zie de rubriek &#8216;Actualiteiten&#8217;<\/p>\n<p><a title=\"Actualiteiten\" href=\"http:\/\/www.deoorlogvanmijnvader.nl\/?page_id=6\">Lees en zie meer &gt;&gt;&gt;<\/a><\/p>\n<p>&nbsp;<\/p>\n<p>&nbsp;<\/p>\n<h1>Enschede&nbsp;en Glanerbrug: vrede en vlucht<a class=\"shutterset_\" title=\"\" href=\"http:\/\/www.deoorlogvanmijnvader.nl\/wp-content\/gallery\/afbeeldingen\/duo-op-motor.jpg\"><img loading=\"lazy\" decoding=\"async\" class=\"ngg-singlepic ngg-right\" src=\"http:\/\/www.deoorlogvanmijnvader.nl\/wp-content\/gallery\/afbeeldingen\/thumbs\/thumbs_duo-op-motor.jpg\" alt=\"duo-op-motor\" width=\"227\" height=\"193\"><\/a><\/h1>\n<p>Ben van Hasselt en Frouwkje Tromp hebben voor de oorlog beiden les gegeven aan de Schipholtschool te Glanerbrug. Op het moment van de Duitse inval op 10 mei 1940 is Enschede het vertrekpunt van hun vlucht. Ben zet zijn pacifistische gedachtengoed overboord en wil dienst nemen in het Nederlandse leger. Dat heeft op dat moment wel andere zorgen aan het hoofd. Via Apeldoorn, de Grebbelinie en&nbsp; Amsterdam lukt het ze de kust te bereiken. Het lijkt een onoverbrugbare hindernis.<\/p>\n<p>&nbsp;<\/p>\n<h1><a class=\"shutterset_\" title=\"\" href=\"http:\/\/www.deoorlogvanmijnvader.nl\/wp-content\/gallery\/afbeeldingen\/d-krantenfoto.jpg\"><img loading=\"lazy\" decoding=\"async\" class=\"ngg-singlepic ngg-left\" src=\"http:\/\/www.deoorlogvanmijnvader.nl\/wp-content\/gallery\/afbeeldingen\/thumbs\/thumbs_d-krantenfoto.jpg\" alt=\"d-krantenfoto\" width=\"232\" height=\"279\"><\/a>Maastricht: bevrijding<\/h1>\n<p>Op 14 september 13.00 uur loopt Ben van Hasselt naast een Amerikaanse luitenant-kolonel langs de oevers van de Maas in Maastricht. De eerste bevrijde grote stad. Hij is op dat moment de eerste en de hoogste Nederlandse militair die het smalle strookje bevrijd Nederland instapt. Om 14.00 uur zal hij in het stadhuis \u2018uit naam der Koningin\u2019 Jhr. mr. Michiels van Kessenich laten benoemen als vervanger van de door de Duitse bezetter aangestelde burgemeester.<\/p>\n<p><a title=\"Actualiteiten\" href=\"http:\/\/www.deoorlogvanmijnvader.nl\/?page_id=6\">Lees en zie meer &gt;&gt;&gt;<\/a><\/p>\n<h1>IJmuiden 1940: geen veilige haven<img loading=\"lazy\" decoding=\"async\" id=\"shTopImg\" class=\"alignright\" title=\"Click to Close\" src=\"http:\/\/www.deoorlogvanmijnvader.nl\/wp-content\/gallery\/afbeeldingen\/ijmuiden-met-jp-coen-in-de-havenmond.jpg?i=1516620647\" alt=\"\" width=\"301\" height=\"216\"><\/h1>\n<p>Er bestaan verschillende verslagen die melden dat nog na de capitulatie schepen zijn uitgevaren. De Bodegraven vertrekt om 10 voor 8 \u2019s avonds met \u2013 dankzij Truus Wijsmuller &#8211; 73 Joodse weeskinderen aan boord. Op hetzelfde schip bevindt zich de kunsthandelaar Jacques Goudstikker. Ook de kustvaarders Fiducia, Java, Wega en de Friso worden genoemd. De Java vertrekt na achten. De Friso heeft ruim 80 Joodse vluchtelingen aan boord waaronder Lou de Jong en Meijer Sluyser. De toegang tot de haven was belemmerd door het afzinken van het passagiersschip J.P. Coen.<\/p>\n<p>&nbsp;<\/p>\n<h1>Groningen: icoon van jodenvervolging<\/h1>\n<p>De foto van Bens broer Simon die met zijn dochter Fietje over de Vismarkt loopt, is in Groningen een icoon geworden van de Jodenvervolging. De foto is o.a. afgedrukt in <em>Groningen in Oorlogstijd<\/em> en in de <em>Canon van Groningen<\/em>. In de plaatsen Haulerwijk en Groningen zijn scholen genoemd naar Simon van Hasselt.<\/p>\n<p><img loading=\"lazy\" decoding=\"async\" id=\"shTopImg\" class=\"alignleft\" title=\"Click to Close\" src=\"http:\/\/www.deoorlogvanmijnvader.nl\/wp-content\/gallery\/afbeeldingen\/186-simon-fietje-vismarkt-1942.jpg?i=1683162203\" alt=\"\" width=\"504\" height=\"678\"><\/p>\n<p>Simon van Hasselt met dochter Fietje in 1942 op de Vismarkt in Groningen<\/p>\n<h1>Amsterdam: hoogste tijd<img loading=\"lazy\" decoding=\"async\" id=\"shTopImg\" class=\"alignright\" title=\"Click to Close\" src=\"http:\/\/www.deoorlogvanmijnvader.nl\/wp-content\/gallery\/afbeeldingen\/voor-het-huis.jpg?i=1555597443\" alt=\"\" width=\"350\" height=\"247\"><\/h1>\n<p>Ben en Frouwk zijn nog langs geweest in Amsterdam om broer Jaap van Hasselt te waarschuwen. In 1943 is het de hoogste tijd voor Jaap en zijn gezin om onder te duiken. Het gezin kan al niet meer bij elkaar blijven. Jaap en zijn vrouw Lies duiken onder in Belgi\u00eb. Hun kinderen Els en Karla worden ondergebracht bij een pleeggezin in Blaricum. Ze kunnen daar in eerste instantie nog betrekkelijk vrij rondlopen. Deze foto staat niet in het boek. Hij is afkomstig uit de collectie Hogenbirk.<\/p>\n<p style=\"text-align: right;\"><em>Karla (links) en Els (rechts), in het midden Betty en Simon van Aalst die op hetzelfde adres waren ondergedoken.<\/em><\/p>\n<h1 style=\"text-align: left;\"><img loading=\"lazy\" decoding=\"async\" id=\"shTopImg\" class=\"alignleft\" title=\"Click to Close\" src=\"http:\/\/www.deoorlogvanmijnvader.nl\/wp-content\/gallery\/afbeeldingen-1\/3-mogelijke-vervanging-overzichtsfoto.jpg?i=1925140183\" alt=\"\" width=\"331\" height=\"306\">Fragment<\/h1>\n<p style=\"text-align: left;\">&#8220;Mijn school aan de Schoolstraat in Groningen lag achter \u2018de puinhopen\u2019. Achter het stadhuis waren die ook. Ik speelde daar met mijn schoolkameraadjes. Muurtjes, keldergewelven waar altijd water in stond, maar ook zandige oppervlakten waar je goed kon knikkeren en landjepik spelen. \u2018Laten we op de puinhopen gaan spelen\u2019, was een gangbare manier van spreken en het was in emotie niet anders dan \u2018laten we naar de speeltuin gaan\u2019. Misschien wist ik wel dat die puinhopen sporen waren van een oorlog. Maar dat leek een heel andere oorlog dan die waar mijn ouders en de ooms en tantes het over hadden. En achteraf ben ik mijn ouders dankbaar dat ik daar onbekommerd kon spelen. Zonder bijgedachten. Zonder kennis. Ik wist niet beter.&#8221; <em>(uit &#8216;De oorlog van mijn vader&#8217;)<\/em><\/p>\n<p style=\"text-align: left;\"><em>(foto Beeldbank Groninger Archieven)<\/em><\/p>\n<h1 style=\"text-align: left;\">Zwijgen<\/h1>\n<p style=\"text-align: left;\">&#8220;Bijna altijd was er wel iemand die het zwaarder had gehad. Wie kon er klagen over bijvoorbeeld de spanning en gruwelijke bekrompenheid van een onderduik, wanneer overlevenden van Bergen-Belsen en Auschwitz zwegen over hun verhaal. En de overlevenden van de kampen wilden niet klagen omdat tegenover hun overleven degenen stonden die het niet hadden overleefd. Zo bleef alleen het zwijgen over.&#8221;&nbsp; <em>(uit &#8216;De oorlog van mijn vader&#8217;)<\/em><\/p>\n<h1 style=\"text-align: left;\">Fragment (2)<\/h1>\n<p style=\"text-align: left;\">&#8220;De journalist vroeg door. Toen pas hoorde ik voor het eerst het echte verhaal van zijn kinderen. Hij kon wel aan een buitenstaander &#8211; een journalist &#8211; vertellen wat voor de eigen familie te pijnlijk was om aan te roeren. <em>&#8216;Dit is mijn verhaal&#8217;, <\/em>zo zei hij nadat hij het verteld had, en met bijna verstikte stem voegde hij daaraan toe:<em> &#8216;Ja, dat laat je natuurlijk nooit vrij&#8217;.&#8221;&nbsp;&nbsp;<em>(uit &#8216;De oorlog van mijn vader&#8217;)<\/em><\/em><\/p>\n<h1 style=\"text-align: left;\">Selma<\/h1>\n<p style=\"text-align: left;\">In &#8216;De oorlog van mijn vader&#8217; wordt niet gesproken over Selma van Hasselt. Op deze website wil Ron toch zo goed mogelijk haar verhaal vertellen. Lees en zie meer op de Info-pagina. <a href=\"http:\/\/www.deoorlogvanmijnvader.nl\/?page_id=8\">http:\/\/www.deoorlogvanmijnvader.nl\/?page_id=8<\/a><\/p>\n<h1 style=\"text-align: left;\">Oproep<\/h1>\n<p>Aanvullingen en verbeteringen zijn welkom. Reacties graag via de pagina &#8216;Contact&#8217;. Specifieke vraag over foto: zie &#8216;Info&#8217; pagina..<\/p>\n<p>&nbsp;<\/p>\n\n\n<figure class=\"wp-block-gallery has-nested-images columns-default is-cropped wp-block-gallery-1 is-layout-flex wp-block-gallery-is-layout-flex\"><\/figure>\n","protected":false},"excerpt":{"rendered":"<p>&nbsp; DE OORLOG VAN MIJN VADER Deze website ondersteunt primair het boek &#8216;De oorlog van mijn vader&#8217; (2012) het eerste boek van Ron van Hasselt over (zijn familie in) de Tweede Wereldoorlog. Door achtergrondinformatie en het aangeven van nieuwe ontwikkelingen (Actualiteiten) kunt u snel een indruk krijgen van het boek. Inmiddels heeft hij negen boeken [&hellip;]<\/p>\n","protected":false},"author":1,"featured_media":0,"parent":0,"menu_order":1,"comment_status":"closed","ping_status":"closed","template":"","meta":{"ngg_post_thumbnail":0,"footnotes":""},"class_list":["post-2","page","type-page","status-publish","hentry"],"_links":{"self":[{"href":"https:\/\/www.deoorlogvanmijnvader.nl\/index.php?rest_route=\/wp\/v2\/pages\/2","targetHints":{"allow":["GET"]}}],"collection":[{"href":"https:\/\/www.deoorlogvanmijnvader.nl\/index.php?rest_route=\/wp\/v2\/pages"}],"about":[{"href":"https:\/\/www.deoorlogvanmijnvader.nl\/index.php?rest_route=\/wp\/v2\/types\/page"}],"author":[{"embeddable":true,"href":"https:\/\/www.deoorlogvanmijnvader.nl\/index.php?rest_route=\/wp\/v2\/users\/1"}],"replies":[{"embeddable":true,"href":"https:\/\/www.deoorlogvanmijnvader.nl\/index.php?rest_route=%2Fwp%2Fv2%2Fcomments&post=2"}],"version-history":[{"count":212,"href":"https:\/\/www.deoorlogvanmijnvader.nl\/index.php?rest_route=\/wp\/v2\/pages\/2\/revisions"}],"predecessor-version":[{"id":652,"href":"https:\/\/www.deoorlogvanmijnvader.nl\/index.php?rest_route=\/wp\/v2\/pages\/2\/revisions\/652"}],"wp:attachment":[{"href":"https:\/\/www.deoorlogvanmijnvader.nl\/index.php?rest_route=%2Fwp%2Fv2%2Fmedia&parent=2"}],"curies":[{"name":"wp","href":"https:\/\/api.w.org\/{rel}","templated":true}]}}